{"id":3725,"date":"2024-11-11T07:43:03","date_gmt":"2024-11-11T07:43:03","guid":{"rendered":"https:\/\/papayawhip-kangaroo-300404.hostingersite.com\/hamwi-cafe\/"},"modified":"2024-12-03T08:39:02","modified_gmt":"2024-12-03T08:39:02","slug":"uno-cafe-filtered-coffee","status":"publish","type":"page","link":"https:\/\/aquabrown-inv.com\/ar\/uno-cafe-filtered-coffee\/","title":{"rendered":"\u0623\u0648\u0646\u0648 \u0643\u0627\u0641\u064a\u0647"},"content":{"rendered":"<div data-elementor-type=\"wp-page\" data-elementor-id=\"3725\" class=\"elementor elementor-3725\">\n\t\t\t\t\t\t<section class=\"elementor-section elementor-top-section elementor-element elementor-element-bd6894b elementor-section-full_width elementor-section-height-default elementor-section-height-default\" data-id=\"bd6894b\" data-element_type=\"section\">\n\t\t\t\t\t\t<div class=\"elementor-container elementor-column-gap-no\">\n\t\t\t\t\t<div class=\"elementor-column elementor-col-100 elementor-top-column elementor-element elementor-element-28cbabe\" data-id=\"28cbabe\" data-element_type=\"column\">\n\t\t\t<div class=\"elementor-widget-wrap elementor-element-populated\">\n\t\t\t\t\t\t<div class=\"elementor-element elementor-element-46a2b3a elementor-widget elementor-widget-forgex-breadcrumb\" data-id=\"46a2b3a\" data-element_type=\"widget\" data-widget_type=\"forgex-breadcrumb.default\">\n\t\t\t\t<div class=\"elementor-widget-container\">\n\t\t\t\t\t<div class=\"breadcrumb-area bg-default\" data-background=\"https:\/\/themexriver.com\/wp\/forgex\/wp-content\/uploads\/2024\/09\/b1-bg-1.webp\">\n    <div class=\"container fx-container-1\">\n        <div class=\"breadcrumb-wrap\">\n\n            <!-- left-content -->\n            <div class=\"breadcrumb-content\">\n\n                <div class=\"breadcrumb-list\">\n                    <a href=\"https:\/\/aquabrown-inv.com\/ar\/\">Home &nbsp;<\/a><a href=\"https:\/\/aquabrown-inv.com\/ar\/uno-cafe-filtered-coffee\/\">\u0623\u0648\u0646\u0648 \u0643\u0627\u0641\u064a\u0647<\/a>                <\/div>\n\n                <h1 class=\"elementor-gt-heading breadcrumb-title fx-heading-1 text-uppercase\" txaa-split-text-1>\u0623\u0648\u0646\u0648 \u0643\u0627\u0641\u064a\u0647 <\/h1>                                    <p class=\"breadcrumb-disc fx-para-1 has-clr-white fix\"><span class=\"d-inline-block breadcrumb-slideup\">Specializing in the production of all types of high-quality filtered coffee.<\/span><\/p>\n                                            <\/div>\n\n            <div class=\"breadcrumb-img\">\n                <img decoding=\"async\"  src=\"https:\/\/papayawhip-kangaroo-300404.hostingersite.com\/wp-content\/uploads\/2024\/11\/Factory-worker-709x472-1.png\" alt=\"\">\n            <\/div>\n\n        <\/div>\n    <\/div>\n<\/div>\t\t\t\t<\/div>\n\t\t\t\t<\/div>\n\t\t\t\t\t<\/div>\n\t\t<\/div>\n\t\t\t\t\t<\/div>\n\t\t<\/section>\n\t\t<div class=\"elementor-element elementor-element-4b54c3e e-flex e-con-boxed e-con e-parent\" data-id=\"4b54c3e\" data-element_type=\"container\">\n\t\t\t\t\t<div class=\"e-con-inner\">\n\t\t\t\t<div class=\"elementor-element elementor-element-48ad03f elementor-widget elementor-widget-go-s-heading\" data-id=\"48ad03f\" data-element_type=\"widget\" data-widget_type=\"go-s-heading.default\">\n\t\t\t\t<div class=\"elementor-widget-container\">\n\t\t\t\t\t<div class=\"forgex__max prthalign\">\n        <h3 class=\"elementor-gt-heading fx-scn-title-1 txaa-split-text-3 txaa-split-text-3-ani\">Uno Caf\u00e9 is a brand specializing in high-quality filtered coffee in all its forms, including beans, capsules, and ground, crafted to provide a smooth and refined coffee experience.\n<\/h3><\/div>\t\t\t\t<\/div>\n\t\t\t\t<\/div>\n\t\t\t\t\t<\/div>\n\t\t\t\t<\/div>\n\t\t<div class=\"elementor-element elementor-element-247ed4e e-grid e-con-boxed e-con e-parent\" data-id=\"247ed4e\" data-element_type=\"container\">\n\t\t\t\t\t<div class=\"e-con-inner\">\n\t\t\t\t<div class=\"elementor-element elementor-element-4461ddb elementor-position-top elementor-invisible elementor-widget elementor-widget-image-box\" data-id=\"4461ddb\" data-element_type=\"widget\" data-settings=\"{&quot;_animation&quot;:&quot;fadeIn&quot;}\" data-widget_type=\"image-box.default\">\n\t\t\t\t<div class=\"elementor-widget-container\">\n\t\t\t\t\t<div class=\"elementor-image-box-wrapper\"><figure class=\"elementor-image-box-img\"><img fetchpriority=\"high\" decoding=\"async\" width=\"3944\" height=\"3944\" src=\"https:\/\/aquabrown-inv.com\/wp-content\/uploads\/2024\/11\/The-Destination.webp\" class=\"elementor-animation-bob attachment-full size-full wp-image-3811\" alt=\"\" srcset=\"https:\/\/aquabrown-inv.com\/wp-content\/uploads\/2024\/11\/The-Destination.webp 3944w, https:\/\/aquabrown-inv.com\/wp-content\/uploads\/2024\/11\/The-Destination-300x300.webp 300w, https:\/\/aquabrown-inv.com\/wp-content\/uploads\/2024\/11\/The-Destination-1024x1024.webp 1024w, https:\/\/aquabrown-inv.com\/wp-content\/uploads\/2024\/11\/The-Destination-150x150.webp 150w, https:\/\/aquabrown-inv.com\/wp-content\/uploads\/2024\/11\/The-Destination-768x768.webp 768w, https:\/\/aquabrown-inv.com\/wp-content\/uploads\/2024\/11\/The-Destination-1536x1536.webp 1536w, https:\/\/aquabrown-inv.com\/wp-content\/uploads\/2024\/11\/The-Destination-2048x2048.webp 2048w, https:\/\/aquabrown-inv.com\/wp-content\/uploads\/2024\/11\/The-Destination-600x600.webp 600w, https:\/\/aquabrown-inv.com\/wp-content\/uploads\/2024\/11\/The-Destination-100x100.webp 100w\" sizes=\"(max-width: 3944px) 100vw, 3944px\" \/><\/figure><div class=\"elementor-image-box-content\"><h3 class=\"elementor-image-box-title\"><span style=\"font-weight:normal\" id=\"docs-internal-guid-87e89148-7fff-8446-c704-d8d5bdc76d60\"><span style=\"font-size: 18pt;font-family: Arial, sans-serif;background-color: transparent;font-weight: 700;vertical-align: baseline\">The Destination<\/span><\/span><\/h3><p class=\"elementor-image-box-description\">(Beans \u2013 Grounded \u2013 Capsules) Filtered Coffee<\/p><\/div><\/div>\t\t\t\t<\/div>\n\t\t\t\t<\/div>\n\t\t\t\t<div class=\"elementor-element elementor-element-353db9a elementor-position-top elementor-invisible elementor-widget elementor-widget-image-box\" data-id=\"353db9a\" data-element_type=\"widget\" data-settings=\"{&quot;_animation&quot;:&quot;fadeIn&quot;}\" data-widget_type=\"image-box.default\">\n\t\t\t\t<div class=\"elementor-widget-container\">\n\t\t\t\t\t<div class=\"elementor-image-box-wrapper\"><figure class=\"elementor-image-box-img\"><img decoding=\"async\" width=\"3944\" height=\"3944\" src=\"https:\/\/aquabrown-inv.com\/wp-content\/uploads\/2024\/11\/Blade-Shadow.webp\" class=\"elementor-animation-bob attachment-full size-full wp-image-3810\" alt=\"\" srcset=\"https:\/\/aquabrown-inv.com\/wp-content\/uploads\/2024\/11\/Blade-Shadow.webp 3944w, https:\/\/aquabrown-inv.com\/wp-content\/uploads\/2024\/11\/Blade-Shadow-300x300.webp 300w, https:\/\/aquabrown-inv.com\/wp-content\/uploads\/2024\/11\/Blade-Shadow-1024x1024.webp 1024w, https:\/\/aquabrown-inv.com\/wp-content\/uploads\/2024\/11\/Blade-Shadow-150x150.webp 150w, https:\/\/aquabrown-inv.com\/wp-content\/uploads\/2024\/11\/Blade-Shadow-768x768.webp 768w, https:\/\/aquabrown-inv.com\/wp-content\/uploads\/2024\/11\/Blade-Shadow-1536x1536.webp 1536w, https:\/\/aquabrown-inv.com\/wp-content\/uploads\/2024\/11\/Blade-Shadow-2048x2048.webp 2048w, https:\/\/aquabrown-inv.com\/wp-content\/uploads\/2024\/11\/Blade-Shadow-600x600.webp 600w, https:\/\/aquabrown-inv.com\/wp-content\/uploads\/2024\/11\/Blade-Shadow-100x100.webp 100w\" sizes=\"(max-width: 3944px) 100vw, 3944px\" \/><\/figure><div class=\"elementor-image-box-content\"><h3 class=\"elementor-image-box-title\"><span style=\"font-weight:normal\" id=\"docs-internal-guid-87e89148-7fff-8446-c704-d8d5bdc76d60\"><span style=\"font-size: 18pt;font-family: Arial, sans-serif;background-color: transparent;font-weight: 700;vertical-align: baseline\">Black Shadow<\/span><\/span><\/h3><p class=\"elementor-image-box-description\">(Beans \u2013 Grounded \u2013 Capsules) Filtered Coffee<\/p><\/div><\/div>\t\t\t\t<\/div>\n\t\t\t\t<\/div>\n\t\t\t\t<div class=\"elementor-element elementor-element-330d764 elementor-position-top elementor-invisible elementor-widget elementor-widget-image-box\" data-id=\"330d764\" data-element_type=\"widget\" data-settings=\"{&quot;_animation&quot;:&quot;fadeIn&quot;}\" data-widget_type=\"image-box.default\">\n\t\t\t\t<div class=\"elementor-widget-container\">\n\t\t\t\t\t<div class=\"elementor-image-box-wrapper\"><figure class=\"elementor-image-box-img\"><img decoding=\"async\" width=\"3944\" height=\"3944\" src=\"https:\/\/aquabrown-inv.com\/wp-content\/uploads\/2024\/11\/Wakeup-Call.webp\" class=\"elementor-animation-bob attachment-full size-full wp-image-3812\" alt=\"\" srcset=\"https:\/\/aquabrown-inv.com\/wp-content\/uploads\/2024\/11\/Wakeup-Call.webp 3944w, https:\/\/aquabrown-inv.com\/wp-content\/uploads\/2024\/11\/Wakeup-Call-300x300.webp 300w, https:\/\/aquabrown-inv.com\/wp-content\/uploads\/2024\/11\/Wakeup-Call-1024x1024.webp 1024w, https:\/\/aquabrown-inv.com\/wp-content\/uploads\/2024\/11\/Wakeup-Call-150x150.webp 150w, https:\/\/aquabrown-inv.com\/wp-content\/uploads\/2024\/11\/Wakeup-Call-768x768.webp 768w, https:\/\/aquabrown-inv.com\/wp-content\/uploads\/2024\/11\/Wakeup-Call-1536x1536.webp 1536w, https:\/\/aquabrown-inv.com\/wp-content\/uploads\/2024\/11\/Wakeup-Call-2048x2048.webp 2048w, https:\/\/aquabrown-inv.com\/wp-content\/uploads\/2024\/11\/Wakeup-Call-600x600.webp 600w, https:\/\/aquabrown-inv.com\/wp-content\/uploads\/2024\/11\/Wakeup-Call-100x100.webp 100w\" sizes=\"(max-width: 3944px) 100vw, 3944px\" \/><\/figure><div class=\"elementor-image-box-content\"><h3 class=\"elementor-image-box-title\"><span style=\"font-weight:normal\" id=\"docs-internal-guid-87e89148-7fff-8446-c704-d8d5bdc76d60\"><span style=\"font-size: 18pt;font-family: Arial, sans-serif;background-color: transparent;font-weight: 700;vertical-align: baseline\">8000 PRM<\/span><\/span><\/h3><p class=\"elementor-image-box-description\">(Beans \u2013 Grounded \u2013 Capsules) Filtered Coffee<\/p><\/div><\/div>\t\t\t\t<\/div>\n\t\t\t\t<\/div>\n\t\t\t\t<div class=\"elementor-element elementor-element-74ea826 elementor-position-top elementor-invisible elementor-widget elementor-widget-image-box\" data-id=\"74ea826\" data-element_type=\"widget\" data-settings=\"{&quot;_animation&quot;:&quot;fadeIn&quot;}\" data-widget_type=\"image-box.default\">\n\t\t\t\t<div class=\"elementor-widget-container\">\n\t\t\t\t\t<div class=\"elementor-image-box-wrapper\"><figure class=\"elementor-image-box-img\"><img loading=\"lazy\" decoding=\"async\" width=\"3944\" height=\"3944\" src=\"https:\/\/aquabrown-inv.com\/wp-content\/uploads\/2024\/11\/8000-RP.webp\" class=\"elementor-animation-bob attachment-full size-full wp-image-3809\" alt=\"\" srcset=\"https:\/\/aquabrown-inv.com\/wp-content\/uploads\/2024\/11\/8000-RP.webp 3944w, https:\/\/aquabrown-inv.com\/wp-content\/uploads\/2024\/11\/8000-RP-300x300.webp 300w, https:\/\/aquabrown-inv.com\/wp-content\/uploads\/2024\/11\/8000-RP-1024x1024.webp 1024w, https:\/\/aquabrown-inv.com\/wp-content\/uploads\/2024\/11\/8000-RP-150x150.webp 150w, https:\/\/aquabrown-inv.com\/wp-content\/uploads\/2024\/11\/8000-RP-768x768.webp 768w, https:\/\/aquabrown-inv.com\/wp-content\/uploads\/2024\/11\/8000-RP-1536x1536.webp 1536w, https:\/\/aquabrown-inv.com\/wp-content\/uploads\/2024\/11\/8000-RP-2048x2048.webp 2048w, https:\/\/aquabrown-inv.com\/wp-content\/uploads\/2024\/11\/8000-RP-600x600.webp 600w, https:\/\/aquabrown-inv.com\/wp-content\/uploads\/2024\/11\/8000-RP-100x100.webp 100w\" sizes=\"(max-width: 3944px) 100vw, 3944px\" \/><\/figure><div class=\"elementor-image-box-content\"><h3 class=\"elementor-image-box-title\"><span style=\"font-weight:normal\" id=\"docs-internal-guid-87e89148-7fff-8446-c704-d8d5bdc76d60\"><span style=\"font-size: 18pt;font-family: Arial, sans-serif;background-color: transparent;font-weight: 700;vertical-align: baseline\">wake up call<\/span><\/span><\/h3><p class=\"elementor-image-box-description\">(Beans \u2013 Grounded \u2013 Capsules) Filtered Coffee<\/p><\/div><\/div>\t\t\t\t<\/div>\n\t\t\t\t<\/div>\n\t\t\t\t\t<\/div>\n\t\t\t\t<\/div>\n\t\t\t\t<\/div>","protected":false},"excerpt":{"rendered":"<p>Home &nbsp;Uno Caf\u00e9 Uno Caf\u00e9 Specializing in the production of all types of high-quality filtered coffee. Uno Caf\u00e9 is a brand specializing in high-quality filtered coffee in all its forms, including beans, capsules, and ground, crafted to provide a smooth and refined coffee experience. The Destination (Beans \u2013 Grounded \u2013 Capsules) Filtered Coffee Black Shadow [&hellip;]<\/p>","protected":false},"author":1,"featured_media":0,"parent":0,"menu_order":0,"comment_status":"closed","ping_status":"closed","template":"elementor_header_footer","meta":{"footnotes":""},"class_list":["post-3725","page","type-page","status-publish","hentry"],"yoast_head":"<!-- This site is optimized with the Yoast SEO plugin v26.9 - https:\/\/yoast.com\/product\/yoast-seo-wordpress\/ -->\n<title>Aquabrown Partnerships | Uno Caf\u00e9 | Premium Filtered Coffee<\/title>\n<meta name=\"description\" content=\"Aquabrown Factory, in partnership with Al-Hamwi Company, specializes in producing and manufacturing all products of the \u201cUno Caf\u00e9\u201d brand, which specializes in producing American filtered coffee of all kinds (beans - ground) by applying the highest international standards in the production, manufacturing and control process.\" \/>\n<meta name=\"robots\" content=\"index, follow, max-snippet:-1, max-image-preview:large, max-video-preview:-1\" \/>\n<link rel=\"canonical\" href=\"https:\/\/aquabrown-inv.com\/ar\/uno-cafe-filtered-coffee\/\" \/>\n<meta property=\"og:locale\" content=\"ar_AR\" \/>\n<meta property=\"og:type\" content=\"article\" \/>\n<meta property=\"og:title\" content=\"Aquabrown Partnerships | Uno Caf\u00e9 | Premium Filtered Coffee\" \/>\n<meta property=\"og:description\" content=\"Aquabrown Factory, in partnership with Al-Hamwi Company, specializes in producing and manufacturing all products of the \u201cUno Caf\u00e9\u201d brand, which specializes in producing American filtered coffee of all kinds (beans - ground) by applying the highest international standards in the production, manufacturing and control process.\" \/>\n<meta property=\"og:url\" content=\"https:\/\/aquabrown-inv.com\/ar\/uno-cafe-filtered-coffee\/\" \/>\n<meta property=\"og:site_name\" content=\"Aquabrown\" \/>\n<meta property=\"article:modified_time\" content=\"2024-12-03T08:39:02+00:00\" \/>\n<meta property=\"og:image\" content=\"https:\/\/aquabrown-inv.com\/wp-content\/uploads\/2024\/11\/Factory-worker-709x472-1.png\" \/>\n<meta name=\"twitter:card\" content=\"summary_large_image\" \/>\n<meta name=\"twitter:label1\" content=\"\u0648\u0642\u062a \u0627\u0644\u0642\u0631\u0627\u0621\u0629 \u0627\u0644\u0645\u064f\u0642\u062f\u0651\u0631\" \/>\n\t<meta name=\"twitter:data1\" content=\"\u062f\u0642\u064a\u0642\u062a\u0627\u0646\" \/>\n<script type=\"application\/ld+json\" class=\"yoast-schema-graph\">{\"@context\":\"https:\/\/schema.org\",\"@graph\":[{\"@type\":\"WebPage\",\"@id\":\"https:\/\/aquabrown-inv.com\/uno-cafe-filtered-coffee\/\",\"url\":\"https:\/\/aquabrown-inv.com\/uno-cafe-filtered-coffee\/\",\"name\":\"Aquabrown Partnerships | Uno Caf\u00e9 | Premium Filtered Coffee\",\"isPartOf\":{\"@id\":\"https:\/\/aquabrown-inv.com\/#website\"},\"primaryImageOfPage\":{\"@id\":\"https:\/\/aquabrown-inv.com\/uno-cafe-filtered-coffee\/#primaryimage\"},\"image\":{\"@id\":\"https:\/\/aquabrown-inv.com\/uno-cafe-filtered-coffee\/#primaryimage\"},\"thumbnailUrl\":\"https:\/\/aquabrown-inv.com\/wp-content\/uploads\/2024\/11\/Factory-worker-709x472-1.png\",\"datePublished\":\"2024-11-11T07:43:03+00:00\",\"dateModified\":\"2024-12-03T08:39:02+00:00\",\"description\":\"Aquabrown Factory, in partnership with Al-Hamwi Company, specializes in producing and manufacturing all products of the \u201cUno Caf\u00e9\u201d brand, which specializes in producing American filtered coffee of all kinds (beans - ground) by applying the highest international standards in the production, manufacturing and control process.\",\"breadcrumb\":{\"@id\":\"https:\/\/aquabrown-inv.com\/uno-cafe-filtered-coffee\/#breadcrumb\"},\"inLanguage\":\"ar\",\"potentialAction\":[{\"@type\":\"ReadAction\",\"target\":[\"https:\/\/aquabrown-inv.com\/uno-cafe-filtered-coffee\/\"]}]},{\"@type\":\"ImageObject\",\"inLanguage\":\"ar\",\"@id\":\"https:\/\/aquabrown-inv.com\/uno-cafe-filtered-coffee\/#primaryimage\",\"url\":\"https:\/\/aquabrown-inv.com\/wp-content\/uploads\/2024\/11\/Factory-worker-709x472-1.png\",\"contentUrl\":\"https:\/\/aquabrown-inv.com\/wp-content\/uploads\/2024\/11\/Factory-worker-709x472-1.png\"},{\"@type\":\"BreadcrumbList\",\"@id\":\"https:\/\/aquabrown-inv.com\/uno-cafe-filtered-coffee\/#breadcrumb\",\"itemListElement\":[{\"@type\":\"ListItem\",\"position\":1,\"name\":\"\u0627\u0644\u0631\u0626\u064a\u0633\u064a\u0629\",\"item\":\"https:\/\/aquabrown-inv.com\/\"},{\"@type\":\"ListItem\",\"position\":2,\"name\":\"Uno Caf\u00e9\"}]},{\"@type\":\"WebSite\",\"@id\":\"https:\/\/aquabrown-inv.com\/#website\",\"url\":\"https:\/\/aquabrown-inv.com\/\",\"name\":\"Aquabrown\",\"description\":\"\",\"potentialAction\":[{\"@type\":\"SearchAction\",\"target\":{\"@type\":\"EntryPoint\",\"urlTemplate\":\"https:\/\/aquabrown-inv.com\/?s={search_term_string}\"},\"query-input\":{\"@type\":\"PropertyValueSpecification\",\"valueRequired\":true,\"valueName\":\"search_term_string\"}}],\"inLanguage\":\"ar\"}]}<\/script>\n<!-- \/ Yoast SEO plugin. -->","yoast_head_json":{"title":"Aquabrown Partnerships | Uno Caf\u00e9 | Premium Filtered Coffee","description":"Aquabrown Factory, in partnership with Al-Hamwi Company, specializes in producing and manufacturing all products of the \u201cUno Caf\u00e9\u201d brand, which specializes in producing American filtered coffee of all kinds (beans - ground) by applying the highest international standards in the production, manufacturing and control process.","robots":{"index":"index","follow":"follow","max-snippet":"max-snippet:-1","max-image-preview":"max-image-preview:large","max-video-preview":"max-video-preview:-1"},"canonical":"https:\/\/aquabrown-inv.com\/ar\/uno-cafe-filtered-coffee\/","og_locale":"ar_AR","og_type":"article","og_title":"Aquabrown Partnerships | Uno Caf\u00e9 | Premium Filtered Coffee","og_description":"Aquabrown Factory, in partnership with Al-Hamwi Company, specializes in producing and manufacturing all products of the \u201cUno Caf\u00e9\u201d brand, which specializes in producing American filtered coffee of all kinds (beans - ground) by applying the highest international standards in the production, manufacturing and control process.","og_url":"https:\/\/aquabrown-inv.com\/ar\/uno-cafe-filtered-coffee\/","og_site_name":"Aquabrown","article_modified_time":"2024-12-03T08:39:02+00:00","og_image":[{"url":"https:\/\/aquabrown-inv.com\/wp-content\/uploads\/2024\/11\/Factory-worker-709x472-1.png","type":"","width":"","height":""}],"twitter_card":"summary_large_image","twitter_misc":{"\u0648\u0642\u062a \u0627\u0644\u0642\u0631\u0627\u0621\u0629 \u0627\u0644\u0645\u064f\u0642\u062f\u0651\u0631":"\u062f\u0642\u064a\u0642\u062a\u0627\u0646"},"schema":{"@context":"https:\/\/schema.org","@graph":[{"@type":"WebPage","@id":"https:\/\/aquabrown-inv.com\/uno-cafe-filtered-coffee\/","url":"https:\/\/aquabrown-inv.com\/uno-cafe-filtered-coffee\/","name":"Aquabrown Partnerships | Uno Caf\u00e9 | Premium Filtered Coffee","isPartOf":{"@id":"https:\/\/aquabrown-inv.com\/#website"},"primaryImageOfPage":{"@id":"https:\/\/aquabrown-inv.com\/uno-cafe-filtered-coffee\/#primaryimage"},"image":{"@id":"https:\/\/aquabrown-inv.com\/uno-cafe-filtered-coffee\/#primaryimage"},"thumbnailUrl":"https:\/\/aquabrown-inv.com\/wp-content\/uploads\/2024\/11\/Factory-worker-709x472-1.png","datePublished":"2024-11-11T07:43:03+00:00","dateModified":"2024-12-03T08:39:02+00:00","description":"Aquabrown Factory, in partnership with Al-Hamwi Company, specializes in producing and manufacturing all products of the \u201cUno Caf\u00e9\u201d brand, which specializes in producing American filtered coffee of all kinds (beans - ground) by applying the highest international standards in the production, manufacturing and control process.","breadcrumb":{"@id":"https:\/\/aquabrown-inv.com\/uno-cafe-filtered-coffee\/#breadcrumb"},"inLanguage":"ar","potentialAction":[{"@type":"ReadAction","target":["https:\/\/aquabrown-inv.com\/uno-cafe-filtered-coffee\/"]}]},{"@type":"ImageObject","inLanguage":"ar","@id":"https:\/\/aquabrown-inv.com\/uno-cafe-filtered-coffee\/#primaryimage","url":"https:\/\/aquabrown-inv.com\/wp-content\/uploads\/2024\/11\/Factory-worker-709x472-1.png","contentUrl":"https:\/\/aquabrown-inv.com\/wp-content\/uploads\/2024\/11\/Factory-worker-709x472-1.png"},{"@type":"BreadcrumbList","@id":"https:\/\/aquabrown-inv.com\/uno-cafe-filtered-coffee\/#breadcrumb","itemListElement":[{"@type":"ListItem","position":1,"name":"\u0627\u0644\u0631\u0626\u064a\u0633\u064a\u0629","item":"https:\/\/aquabrown-inv.com\/"},{"@type":"ListItem","position":2,"name":"Uno Caf\u00e9"}]},{"@type":"WebSite","@id":"https:\/\/aquabrown-inv.com\/#website","url":"https:\/\/aquabrown-inv.com\/","name":"Aquabrown","description":"","potentialAction":[{"@type":"SearchAction","target":{"@type":"EntryPoint","urlTemplate":"https:\/\/aquabrown-inv.com\/?s={search_term_string}"},"query-input":{"@type":"PropertyValueSpecification","valueRequired":true,"valueName":"search_term_string"}}],"inLanguage":"ar"}]}},"_links":{"self":[{"href":"https:\/\/aquabrown-inv.com\/ar\/wp-json\/wp\/v2\/pages\/3725","targetHints":{"allow":["GET"]}}],"collection":[{"href":"https:\/\/aquabrown-inv.com\/ar\/wp-json\/wp\/v2\/pages"}],"about":[{"href":"https:\/\/aquabrown-inv.com\/ar\/wp-json\/wp\/v2\/types\/page"}],"author":[{"embeddable":true,"href":"https:\/\/aquabrown-inv.com\/ar\/wp-json\/wp\/v2\/users\/1"}],"replies":[{"embeddable":true,"href":"https:\/\/aquabrown-inv.com\/ar\/wp-json\/wp\/v2\/comments?post=3725"}],"version-history":[{"count":7,"href":"https:\/\/aquabrown-inv.com\/ar\/wp-json\/wp\/v2\/pages\/3725\/revisions"}],"predecessor-version":[{"id":4050,"href":"https:\/\/aquabrown-inv.com\/ar\/wp-json\/wp\/v2\/pages\/3725\/revisions\/4050"}],"wp:attachment":[{"href":"https:\/\/aquabrown-inv.com\/ar\/wp-json\/wp\/v2\/media?parent=3725"}],"curies":[{"name":"wp","href":"https:\/\/api.w.org\/{rel}","templated":true}]}}